{"id":106,"date":"2025-07-12T14:47:43","date_gmt":"2025-07-12T14:47:43","guid":{"rendered":"http:\/\/lesamisdismailkadare.com\/?page_id=106"},"modified":"2025-07-16T19:10:22","modified_gmt":"2025-07-16T19:10:22","slug":"qui-sommes-nous","status":"publish","type":"page","link":"https:\/\/lesamisdismailkadare.com\/?page_id=106","title":{"rendered":"Qui sommes-nous ?"},"content":{"rendered":"\n<p>Notre association a pour but de faire vivre l\u2019\u0153uvre et la m\u00e9moire du grand \u00e9crivain <strong>Ismail Kadar\u00e9<\/strong>, en rassemblant lecteurs, chercheurs, m\u00e9diateurs et passionn\u00e9s autour de son h\u00e9ritage litt\u00e9raire, afin de le transmettre aux g\u00e9n\u00e9rations futures.<\/p>\n\n\n\n<p>Retour sur notre soir\u00e9e de lancement <a href=\"https:\/\/actualitte.com\/article\/124222\/reportages\/ismail-kadare-a-paris-sur-les-traces-de-l-ecrivain-albanais\" target=\"_blank\" rel=\"noreferrer noopener\">ici<\/a><\/p>\n","protected":false},"excerpt":{"rendered":"<p>Notre association a pour but de faire vivre l\u2019\u0153uvre et la m\u00e9moire du grand \u00e9crivain Ismail Kadar\u00e9, en rassemblant lecteurs, chercheurs, m\u00e9diateurs et passionn\u00e9s autour de son h\u00e9ritage litt\u00e9raire, afin de le transmettre aux g\u00e9n\u00e9rations futures. Retour sur notre soir\u00e9e de lancement ici<\/p>\n","protected":false},"author":1,"featured_media":0,"parent":0,"menu_order":0,"comment_status":"closed","ping_status":"closed","template":"","meta":{"footnotes":""},"class_list":["post-106","page","type-page","status-publish","hentry"],"_links":{"self":[{"href":"https:\/\/lesamisdismailkadare.com\/index.php?rest_route=\/wp\/v2\/pages\/106","targetHints":{"allow":["GET"]}}],"collection":[{"href":"https:\/\/lesamisdismailkadare.com\/index.php?rest_route=\/wp\/v2\/pages"}],"about":[{"href":"https:\/\/lesamisdismailkadare.com\/index.php?rest_route=\/wp\/v2\/types\/page"}],"author":[{"embeddable":true,"href":"https:\/\/lesamisdismailkadare.com\/index.php?rest_route=\/wp\/v2\/users\/1"}],"replies":[{"embeddable":true,"href":"https:\/\/lesamisdismailkadare.com\/index.php?rest_route=%2Fwp%2Fv2%2Fcomments&post=106"}],"version-history":[{"count":3,"href":"https:\/\/lesamisdismailkadare.com\/index.php?rest_route=\/wp\/v2\/pages\/106\/revisions"}],"predecessor-version":[{"id":250,"href":"https:\/\/lesamisdismailkadare.com\/index.php?rest_route=\/wp\/v2\/pages\/106\/revisions\/250"}],"wp:attachment":[{"href":"https:\/\/lesamisdismailkadare.com\/index.php?rest_route=%2Fwp%2Fv2%2Fmedia&parent=106"}],"curies":[{"name":"wp","href":"https:\/\/api.w.org\/{rel}","templated":true}]}}