{"id":15,"date":"2025-07-11T17:05:20","date_gmt":"2025-07-11T17:05:20","guid":{"rendered":"http:\/\/lesamisdismailkadare.com\/?page_id=15"},"modified":"2025-07-17T09:54:31","modified_gmt":"2025-07-17T09:54:31","slug":"bienvenue-sur-le-site-de-lassociation","status":"publish","type":"page","link":"https:\/\/lesamisdismailkadare.com\/","title":{"rendered":"Bienvenue sur le site de l&rsquo;association"},"content":{"rendered":"\n<blockquote class=\"wp-block-quote has-background-background-color has-background is-layout-flow wp-block-quote-is-layout-flow\" style=\"border-top-color:var(--wp--preset--color--accent);border-right-color:var(--wp--preset--color--accent);border-bottom-color:var(--wp--preset--color--accent);border-left-color:var(--wp--preset--color--accent);border-left-width:10px\">\n<p>Ismail Kadar\u00e9, \u00e9crivain albanais n\u00e9 \u00e0 Gjirokaster (Albanie) en 1936 et d\u00e9c\u00e9d\u00e9 \u00e0 Tirana (Albanie) en 2024, laisse une \u0153uvre foisonnante et puissante. Il a puis\u00e9 son inspiration dans les \u00e9crits antiques, dans les l\u00e9gendes balkaniques, dans l&rsquo;histoire de l&#8217;empire ottoman, dans l&rsquo;observation du r\u00e9gime totalitaire qui a tenu 46 ans l&rsquo;Albanie sous son joug, dans ses souvenirs d&rsquo;enfance et dans l&rsquo;observation de ses semblables, \u00e0 Tirana, Moscou, Paris ou ailleurs.<\/p>\n\n\n\n<p>Notre association s&rsquo;est donn\u00e9 pour but de faire conna\u00eetre son \u0153uvre et de perp\u00e9tuer sa m\u00e9moire.<\/p>\n<\/blockquote>\n\n\n\n<p><\/p>\n","protected":false},"excerpt":{"rendered":"<p>Ismail Kadar\u00e9, \u00e9crivain albanais n\u00e9 \u00e0 Gjirokaster (Albanie) en 1936 et d\u00e9c\u00e9d\u00e9 \u00e0 Tirana (Albanie) en 2024, laisse une \u0153uvre foisonnante et puissante. Il a puis\u00e9 son inspiration dans les \u00e9crits antiques, dans les l\u00e9gendes balkaniques, dans l&rsquo;histoire de l&#8217;empire ottoman, dans l&rsquo;observation du r\u00e9gime totalitaire qui a tenu 46 ans l&rsquo;Albanie sous son joug,&hellip;<\/p>\n","protected":false},"author":1,"featured_media":104,"parent":0,"menu_order":0,"comment_status":"closed","ping_status":"closed","template":"","meta":{"footnotes":""},"class_list":["post-15","page","type-page","status-publish","has-post-thumbnail","hentry"],"_links":{"self":[{"href":"https:\/\/lesamisdismailkadare.com\/index.php?rest_route=\/wp\/v2\/pages\/15","targetHints":{"allow":["GET"]}}],"collection":[{"href":"https:\/\/lesamisdismailkadare.com\/index.php?rest_route=\/wp\/v2\/pages"}],"about":[{"href":"https:\/\/lesamisdismailkadare.com\/index.php?rest_route=\/wp\/v2\/types\/page"}],"author":[{"embeddable":true,"href":"https:\/\/lesamisdismailkadare.com\/index.php?rest_route=\/wp\/v2\/users\/1"}],"replies":[{"embeddable":true,"href":"https:\/\/lesamisdismailkadare.com\/index.php?rest_route=%2Fwp%2Fv2%2Fcomments&post=15"}],"version-history":[{"count":12,"href":"https:\/\/lesamisdismailkadare.com\/index.php?rest_route=\/wp\/v2\/pages\/15\/revisions"}],"predecessor-version":[{"id":285,"href":"https:\/\/lesamisdismailkadare.com\/index.php?rest_route=\/wp\/v2\/pages\/15\/revisions\/285"}],"wp:featuredmedia":[{"embeddable":true,"href":"https:\/\/lesamisdismailkadare.com\/index.php?rest_route=\/wp\/v2\/media\/104"}],"wp:attachment":[{"href":"https:\/\/lesamisdismailkadare.com\/index.php?rest_route=%2Fwp%2Fv2%2Fmedia&parent=15"}],"curies":[{"name":"wp","href":"https:\/\/api.w.org\/{rel}","templated":true}]}}