{"id":348,"date":"2025-07-19T06:45:31","date_gmt":"2025-07-19T06:45:31","guid":{"rendered":"http:\/\/lesamisdismailkadare.com\/?page_id=348"},"modified":"2025-07-19T06:52:39","modified_gmt":"2025-07-19T06:52:39","slug":"lectures-pieces-de-theatre-concerts-itineraires","status":"publish","type":"page","link":"https:\/\/lesamisdismailkadare.com\/?page_id=348","title":{"rendered":"Lectures, pi\u00e8ces de th\u00e9\u00e2tre, concerts, itin\u00e9raires&#8230;"},"content":{"rendered":"\n<p>Cette page se construira \u00e0 partir de vos propositions et signalements. <\/p>\n\n\n\n<p>La richesse inestimable de l&rsquo;oeuvre de Kadar\u00e9 la pr\u00e9dispose \u00e0 des lectures, mises en sc\u00e8ne, mises en musique&#8230;<\/p>\n\n\n\n<p>Nous pensons que Kadar\u00e9 doit \u00eatre pr\u00e9sent\u00e9 \u00e0 tous publics, des coll\u00e9giens \u00e0 l&rsquo;universit\u00e9, en passant par le grand public d&rsquo;ici ou d&rsquo;ailleurs.<\/p>\n\n\n\n<p>Nous avons identifi\u00e9 par exemple la pi\u00e8ce <a href=\"https:\/\/www.lapremiereseconde.fr\/creation\/qui-a-ramene-doruntine\/\">\u00ab\u00a0Qui a ramen\u00e9 Doruntine ?\u00a0\u00bb<\/a> par la compagnie \u00ab\u00a0La premi\u00e8re seconde\u00a0\u00bb en 2022.<\/p>\n\n\n\n<p><\/p>\n","protected":false},"excerpt":{"rendered":"<p>Cette page se construira \u00e0 partir de vos propositions et signalements. La richesse inestimable de l&rsquo;oeuvre de Kadar\u00e9 la pr\u00e9dispose \u00e0 des lectures, mises en sc\u00e8ne, mises en musique&#8230; Nous pensons que Kadar\u00e9 doit \u00eatre pr\u00e9sent\u00e9 \u00e0 tous publics, des coll\u00e9giens \u00e0 l&rsquo;universit\u00e9, en passant par le grand public d&rsquo;ici ou d&rsquo;ailleurs. Nous avons identifi\u00e9&hellip;<\/p>\n","protected":false},"author":1,"featured_media":0,"parent":0,"menu_order":0,"comment_status":"closed","ping_status":"closed","template":"","meta":{"footnotes":""},"class_list":["post-348","page","type-page","status-publish","hentry"],"_links":{"self":[{"href":"https:\/\/lesamisdismailkadare.com\/index.php?rest_route=\/wp\/v2\/pages\/348","targetHints":{"allow":["GET"]}}],"collection":[{"href":"https:\/\/lesamisdismailkadare.com\/index.php?rest_route=\/wp\/v2\/pages"}],"about":[{"href":"https:\/\/lesamisdismailkadare.com\/index.php?rest_route=\/wp\/v2\/types\/page"}],"author":[{"embeddable":true,"href":"https:\/\/lesamisdismailkadare.com\/index.php?rest_route=\/wp\/v2\/users\/1"}],"replies":[{"embeddable":true,"href":"https:\/\/lesamisdismailkadare.com\/index.php?rest_route=%2Fwp%2Fv2%2Fcomments&post=348"}],"version-history":[{"count":1,"href":"https:\/\/lesamisdismailkadare.com\/index.php?rest_route=\/wp\/v2\/pages\/348\/revisions"}],"predecessor-version":[{"id":349,"href":"https:\/\/lesamisdismailkadare.com\/index.php?rest_route=\/wp\/v2\/pages\/348\/revisions\/349"}],"wp:attachment":[{"href":"https:\/\/lesamisdismailkadare.com\/index.php?rest_route=%2Fwp%2Fv2%2Fmedia&parent=348"}],"curies":[{"name":"wp","href":"https:\/\/api.w.org\/{rel}","templated":true}]}}