{"id":649,"date":"2025-12-14T15:30:51","date_gmt":"2025-12-14T15:30:51","guid":{"rendered":"https:\/\/lesamisdismailkadare.com\/?page_id=649"},"modified":"2025-12-14T17:57:57","modified_gmt":"2025-12-14T17:57:57","slug":"biographie","status":"publish","type":"page","link":"https:\/\/lesamisdismailkadare.com\/?page_id=649","title":{"rendered":"Biographie"},"content":{"rendered":"\n<p><strong>I. Introduction<\/strong><\/p>\n\n\n\n<p>Isma\u00efl Kadar\u00e9 (1936\u20132024) est consid\u00e9r\u00e9 comme l\u2019une des plus grandes voix litt\u00e9raires albanaises contemporaines. Romancier, po\u00e8te et essayiste, il a construit une \u0153uvre travers\u00e9e par le mythe, la politique, la m\u00e9moire, et une r\u00e9flexion aigu\u00eb sur le pouvoir totalitaire. Install\u00e9 en France de 1990 \u00e0 2022, membre de l\u2019Acad\u00e9mie des sciences morales et politiques depuis 1996, il est souvent cit\u00e9 parmi les \u00e9crivains les plus influents de la seconde moiti\u00e9 du XXe si\u00e8cle.<\/p>\n\n\n\n<p><strong>II. Enfance et formation en Albanie (1936\u20131960)<\/strong><\/p>\n\n\n\n<p>Isma\u00efl Kadar\u00e9 na\u00eet le 28 janvier 1936 \u00e0&nbsp;Gjirokast\u00ebr, ville ottomane situ\u00e9e au sud de l\u2019Albanie et inscrite plus tard au patrimoine mondial de l\u2019UNESCO. Issu d\u2019une famille de fonctionnaires et d\u2019intellectuels, Kadar\u00e9 grandit dans une Albanie marqu\u00e9e par la guerre, les changements de r\u00e9gime et l\u2019isolement international.<\/p>\n\n\n\n<p>Tr\u00e8s t\u00f4t, il se passionne pour la litt\u00e9rature fran\u00e7aise et mondiale, une influence qui fa\u00e7onnera toute son \u0153uvre, et commence \u00e0 \u00e9crire avant m\u00eame l\u2019adolescence. Enfant pr\u00e9coce, il publie ses premiers po\u00e8mes \u00e0 12 ans, alors qu\u2019ils est scolaris\u00e9 dans sa ville natale de Gjirokaster.<br>Plus tard, il \u00e9tudie la litt\u00e9rature \u00e0&nbsp;l\u2019Universit\u00e9 de Tirana, et obtient ensuite une bourse pour int\u00e9grer l\u2019Institut Gorki de Moscou (1958-1960), alors haut lieu de formation pour les \u00e9crivains du bloc sovi\u00e9tique.<\/p>\n\n\n\n<p>Alors que survient en 1961 la rupture avec le bloc sovi\u00e9tique sous Enver Hoxha, marquant le d\u00e9but d\u2019une p\u00e9riode de&nbsp;fermeture extr\u00eame&nbsp;du pays, Kadar\u00e9 d\u00e9veloppe une conscience aigu\u00eb du pouvoir politique sur la cr\u00e9ation artistique et ce contexte impr\u00e8gnera profond\u00e9ment toute son \u0153uvre.<\/p>\n\n\n\n<p>Son premier succ\u00e8s,&nbsp;<em>Le G\u00e9n\u00e9ral de l\u2019arm\u00e9e morte<\/em>&nbsp;(1963), l\u2019impose imm\u00e9diatement comme un \u00e9crivain majeur en Albanie et dans les pays voisins.<\/p>\n\n\n\n<p><br><strong>III. \u00c9crire sous dictature : audace, all\u00e9gorie et surveillance (1960\u20131990)<\/strong><\/p>\n\n\n\n<p>De retour en Albanie, Kadar\u00e9 publie en 1963&nbsp;<em>Le G\u00e9n\u00e9ral de l\u2019arm\u00e9e morte<\/em>, roman qui le rend imm\u00e9diatement c\u00e9l\u00e8bre dans l\u2019ensemble du monde communiste. Mais son \u0153uvre, subtilement critique, se d\u00e9ploie dans une tension permanente avec le pouvoir.<\/p>\n\n\n\n<p><strong><em>Strat\u00e9gie litt\u00e9raire sous censure<\/em><\/strong><\/p>\n\n\n\n<p>Kadar\u00e9 vit et \u00e9crit sous la dictature d\u2019Enver Hoxha, l\u2019un des r\u00e9gimes les plus durs d\u2019Europe.<br>Dans ce contexte, son \u00e9criture devient une forme de dissidence strat\u00e9gique, une \u0153uvre de r\u00e9sistance entre critique voil\u00e9e des r\u00e9gimes totalitaires, exploration des mythes balkaniques pour contourner la censure et construction d\u2019un univers litt\u00e9raire qui parle du pr\u00e9sent sous couvert d\u2019all\u00e9gorie.<\/p>\n\n\n\n<p>En effet, pour \u00e9chapper \u00e0 la r\u00e9pression, Kadar\u00e9 mobilise principalement l\u2019all\u00e9gorie, le mythe balkanique, l\u2019histoire ottomane, le folklore, le symbolisme politique. Cette approche lui permet de parler du totalitarisme sans le nommer.<\/p>\n\n\n\n<p><strong><em>\u0152uvres majeures de la p\u00e9riode<\/em>\u00a0:<\/strong><\/p>\n\n\n\n<p>Ses \u0153uvres majeures durant cette p\u00e9riode incluent&nbsp;:<\/p>\n\n\n\n<ul class=\"wp-block-list\">\n<li><em>Les tambours de la pluie<\/em> (1970)<\/li>\n\n\n\n<li><em>Chronique de la ville de pierre<\/em>&nbsp;(1973)<\/li>\n\n\n\n<li><em>Avril bris\u00e9<\/em> (1978)<\/li>\n\n\n\n<li><em>Le Pont aux trois arches<\/em>&nbsp;(1981)<\/li>\n\n\n\n<li><em>Le Dossier H.<\/em>&nbsp;(1981)<\/li>\n\n\n\n<li><em>Le Palais des R\u00eaves<\/em>&nbsp;(1981, interdit \u00e0 sa sortie)<\/li>\n<\/ul>\n\n\n\n<p>D\u00e9j\u00e0, l\u2019\u0153uvre de Kadar\u00e9 acquiert une dimension europ\u00e9enne par sa r\u00e9flexion sur la domination, la bureaucratie, la parano\u00efa d\u2019\u00c9tat, la fabrication du mythe politique.<br><br><strong>IV. L\u2019exil en France et la reconnaissance internationale (1990\u20132024)<\/strong><\/p>\n\n\n\n<p>En octobre 1990, alors que l\u2019Albanie s\u2019enfonce dans le chaos de la transition post-communiste, Kadar\u00e9 demande l\u2019asile politique \u00e0 la France. Son installation \u00e0 Paris lui permet enfin d\u2019\u00e9crire librement, de republier ses \u0153uvres sans censure et de s\u2019imposer comme un \u00e9crivain europ\u00e9en central. Il ne retournera vivre en Albanie qu\u2019en 2022.<\/p>\n\n\n\n<p><strong>Lui sont octroy\u00e9s diff\u00e9rents prix et distinctions, t\u00e9moignages d\u2019une vraie Reconnaissance institutionnelle, dont&nbsp;:<\/strong><\/p>\n\n\n\n<ul class=\"wp-block-list\">\n<li>Prix mondial Cino Del Duca (1992)<\/li>\n\n\n\n<li>Prix M\u00e9diterran\u00e9e-Etranger (1993)<\/li>\n\n\n\n<li>Membre de l\u2019Acad\u00e9mie des sciences morales et politiques (1996)<\/li>\n\n\n\n<li>Man Booker International Prize (2005)<\/li>\n\n\n\n<li>De nombreuses fois pressenti pour le&nbsp;Prix Nobel de litt\u00e9rature<\/li>\n\n\n\n<li>Prix Prince des Asturies de litt\u00e9rature (2009)<\/li>\n\n\n\n<li>Prix J\u00e9rusalem&nbsp;(2015)<\/li>\n\n\n\n<li>Prix Park Kyung-ni&nbsp;(2019).<\/li>\n<\/ul>\n\n\n\n<p><strong><em>Th\u00e8mes de la p\u00e9riode fran\u00e7aise<\/em><\/strong><\/p>\n\n\n\n<p>Durant cette p\u00e9riode, il approfondit essentiellement trois directions : l\u2019exploration de la m\u00e9moire ottomane des Balkans, la compr\u00e9hension de la violence politique, l\u2019analyse du destin europ\u00e9en des petites nations.<\/p>\n\n\n\n<p>Mais l\u2019\u00e9criture de Kadar\u00e9 est complexe et se distingue par la fusion du mythe, de l\u2019histoire et du politique&nbsp;; un usage magistral de l\u2019all\u00e9gorie&nbsp;; une interrogation permanente de la violence, du pouvoir, de l\u2019absurde politique&nbsp;; un humour noir discret mais constant et une quasi-cin\u00e9matographie de la narration. Son \u0153uvre explore \u00e9galement l\u2019identit\u00e9 balkanique, les conflits de fronti\u00e8re, l\u2019honneur, le destin individuel face \u00e0 la machine d\u2019\u00c9tat.<\/p>\n\n\n\n<p><strong><em>Un \u00e9crivain europ\u00e9en<\/em><\/strong><\/p>\n\n\n\n<p>Isma\u00efl Kadar\u00e9 n\u2019est pas seulement une figure nationale.<strong> <\/strong>Il repr\u00e9sente une voix singuli\u00e8re de l\u2019Europe, celle des p\u00e9riph\u00e9ries, des fronti\u00e8res, des langues minoritaires mais puissantes.<\/p>\n\n\n\n<p>Loin de son pays mais profond\u00e9ment attach\u00e9 \u00e0 l\u2019Albanie, Kadar\u00e9 devient une&nbsp;figure du dialogue euro-balkanique. Il a contribu\u00e9 \u00e0 placer la culture albanaise dans le dialogue litt\u00e9raire mondial, tout en d\u00e9fendant une vision humaniste, profond\u00e9ment attach\u00e9e \u00e0 la libert\u00e9.<\/p>\n\n\n\n<p><strong>V. Style litt\u00e9raire de Kadar\u00e9<\/strong><\/p>\n\n\n\n<p>La singularit\u00e9 de Kadar\u00e9 tient \u00e0 la rencontre entre une langue limpide mais travers\u00e9e de visions, un r\u00e9alisme nourri d\u2019\u00e9tranget\u00e9, une capacit\u00e9 \u00e0 m\u00ealer l\u00e9gende, histoire et politique, une \u00e9criture qui observe la m\u00e9canique du pouvoir avec une pr\u00e9cision clinique.<\/p>\n\n\n\n<p>Par ailleurs, on le compare souvent \u00e0 Orwell pour la critique du totalitarisme, Kundera pour le rapport \u00e0 l\u2019Europe ou Borges pour le symbolisme et l\u2019all\u00e9gorie.<\/p>\n\n\n\n<p><strong><em>Th\u00e8mes majeurs de son \u0153uvre<\/em><\/strong><\/p>\n\n\n\n<p><strong>Pouvoir et totalitarisme&nbsp;: <\/strong><em>Le Palais des R\u00eaves<\/em>&nbsp;reste l\u2019un des romans les plus puissants jamais \u00e9crits sur l\u2019emprise politique.<\/p>\n\n\n\n<p><strong>Mythes et arch\u00e9types balkaniques&nbsp;: <\/strong>Ponts, montagnes, vendettas, m\u00e9moire ottomane deviennent des symboles m\u00e9taphysiques.<\/p>\n\n\n\n<p><strong>Europe, fronti\u00e8res et identit\u00e9s&nbsp;: <\/strong>Kadar\u00e9 d\u00e9fend l\u2019id\u00e9e que les Balkans sont une composante centrale de la civilisation europ\u00e9enne, et non sa p\u00e9riph\u00e9rie.<\/p>\n\n\n\n<p><strong>M\u00e9moire individuelle et m\u00e9moire collective&nbsp;:<\/strong>Son \u00e9criture lutte contre l\u2019effacement, l\u2019oubli et la manipulation des r\u00e9cits historiques<br><br><strong>VII. H\u00e9ritage et post\u00e9rit\u00e9<\/strong><\/p>\n\n\n\n<p>D\u00e9c\u00e9d\u00e9 en 2024, Isma\u00efl Kadar\u00e9 laisse une \u0153uvre d\u2019une ampleur exceptionnelle, traduite dans plus de 40 langues, \u00e9tudi\u00e9e dans les universit\u00e9s du monde entier. Son univers continue d\u2019inspirer \u00e9crivains, chercheurs, cin\u00e9astes et lecteurs du monde entier.<\/p>\n\n\n\n<p>Son influence d\u00e9passe donc le cadre litt\u00e9raire. Elle touche la r\u00e9flexion politique, l\u2019histoire europ\u00e9enne et les imaginaires collectifs. Il \u00e9claire la relation complexe entre libert\u00e9 et oppression, il aide \u00e0 comprendre l\u2019histoire et la psych\u00e9 des Balkans, il offre une r\u00e9flexion unique sur l\u2019Europe, ses fractures et ses espoirs.<\/p>\n\n\n\n<p>Il incarne l\u2019un des&nbsp;grands \u00e9crivains europ\u00e9ens de la libert\u00e9, dont l\u2019\u0153uvre restera un rep\u00e8re pour les lecteurs, les chercheurs et les d\u00e9cideurs culturels.<\/p>\n","protected":false},"excerpt":{"rendered":"<p>I. Introduction Isma\u00efl Kadar\u00e9 (1936\u20132024) est consid\u00e9r\u00e9 comme l\u2019une des plus grandes voix litt\u00e9raires albanaises contemporaines. Romancier, po\u00e8te et essayiste, il a construit une \u0153uvre travers\u00e9e par le mythe, la politique, la m\u00e9moire, et une r\u00e9flexion aigu\u00eb sur le pouvoir totalitaire. Install\u00e9 en France de 1990 \u00e0 2022, membre de l\u2019Acad\u00e9mie des sciences morales et&hellip;<\/p>\n","protected":false},"author":1,"featured_media":0,"parent":0,"menu_order":0,"comment_status":"closed","ping_status":"closed","template":"","meta":{"footnotes":""},"class_list":["post-649","page","type-page","status-publish","hentry"],"_links":{"self":[{"href":"https:\/\/lesamisdismailkadare.com\/index.php?rest_route=\/wp\/v2\/pages\/649","targetHints":{"allow":["GET"]}}],"collection":[{"href":"https:\/\/lesamisdismailkadare.com\/index.php?rest_route=\/wp\/v2\/pages"}],"about":[{"href":"https:\/\/lesamisdismailkadare.com\/index.php?rest_route=\/wp\/v2\/types\/page"}],"author":[{"embeddable":true,"href":"https:\/\/lesamisdismailkadare.com\/index.php?rest_route=\/wp\/v2\/users\/1"}],"replies":[{"embeddable":true,"href":"https:\/\/lesamisdismailkadare.com\/index.php?rest_route=%2Fwp%2Fv2%2Fcomments&post=649"}],"version-history":[{"count":2,"href":"https:\/\/lesamisdismailkadare.com\/index.php?rest_route=\/wp\/v2\/pages\/649\/revisions"}],"predecessor-version":[{"id":698,"href":"https:\/\/lesamisdismailkadare.com\/index.php?rest_route=\/wp\/v2\/pages\/649\/revisions\/698"}],"wp:attachment":[{"href":"https:\/\/lesamisdismailkadare.com\/index.php?rest_route=%2Fwp%2Fv2%2Fmedia&parent=649"}],"curies":[{"name":"wp","href":"https:\/\/api.w.org\/{rel}","templated":true}]}}