{"id":651,"date":"2025-12-14T15:42:01","date_gmt":"2025-12-14T15:42:01","guid":{"rendered":"https:\/\/lesamisdismailkadare.com\/?page_id=651"},"modified":"2026-01-05T15:51:05","modified_gmt":"2026-01-05T15:51:05","slug":"oeuvres","status":"publish","type":"page","link":"https:\/\/lesamisdismailkadare.com\/?page_id=651","title":{"rendered":"Oeuvres"},"content":{"rendered":"\n<p>par Claire Patouillet, essayiste et analyste litt\u00e9raire, membre de l&rsquo;association, nov. 2025<\/p>\n\n\n\n<p><strong>I. Introduction<\/strong><\/p>\n\n\n\n<p>L\u2019\u0153uvre d\u2019Isma\u00efl Kadar\u00e9 est l\u2019une des plus puissantes et singuli\u00e8res de la litt\u00e9rature europ\u00e9enne contemporaine. \u00c0 travers romans, r\u00e9cits, po\u00e8mes et essais, l\u2019\u00e9crivain albanais explore les obsessions politiques du XX\u1d49 si\u00e8cle, les mythes fondateurs des Balkans et les m\u00e9canismes de la peur dans les soci\u00e9t\u00e9s autoritaires. Son \u00e9criture, \u00e0 la fois classique et visionnaire, oscille entre r\u00e9alisme, all\u00e9gorie et r\u00e9miniscences mythologiques.<br>Cette page offre un panorama structur\u00e9 de ses \u0153uvres majeures, des grands th\u00e8mes qui irriguent son travail et des p\u00e9riodes qui ont fa\u00e7onn\u00e9 son \u00e9volution litt\u00e9raire.<strong><\/strong><\/p>\n\n\n\n<p><strong>II. Les \u0153uvres majeures d\u2019Isma\u00efl Kadar\u00e9<\/strong><\/p>\n\n\n\n<p><strong><em>Le Palais des r\u00eaves<\/em><\/strong> : sans doute l\u2019un des textes les plus embl\u00e9matiques de Kadar\u00e9. Dans une Albanie transfigur\u00e9e en empire ottoman imaginaire, le Tabir Sarrail \u2014 institution charg\u00e9e de collecter et d\u2019interpr\u00e9ter les r\u00eaves de toute la population \u2014 devient la m\u00e9taphore absolue du contr\u00f4le totalitaire.<br>Le roman est une r\u00e9flexion vertigineuse sur la surveillance, la peur, la bureaucratie et la manipulation du destin collectif. Il est \u00e9galement une m\u00e9ditation sur le r\u00f4le de l\u2019\u00e9crivain dans les r\u00e9gimes oppressifs.<br>Consid\u00e9r\u00e9 comme un chef-d\u2019\u0153uvre, il est r\u00e9guli\u00e8rement compar\u00e9 \u00e0 Kafka et Orwell.<\/p>\n\n\n\n<p><strong><em>Avril Bris\u00e9<\/em><\/strong> : roman d\u2019une grande intensit\u00e9, situ\u00e9 dans les montagnes du nord albanais, gouvern\u00e9es par le Kanun, un code coutumier fond\u00e9 sur l\u2019honneur et la vendetta.<br>\u00c0 travers la figure tragique de Gjorg, condamn\u00e9 par une vendetta absurde et m\u00e9canique, Kadar\u00e9 interroge l\u2019emprise des traditions, la spirale de la violence et l\u2019impossibilit\u00e9 d\u2019\u00e9chapper au destin dans une soci\u00e9t\u00e9 r\u00e9gie par des r\u00e8gles ancestrales.<br>C\u2019est aussi un roman sur l\u2019Europe p\u00e9riph\u00e9rique, cette zone o\u00f9 modernit\u00e9 et archa\u00efsme s\u2019affrontent sans jamais se r\u00e9soudre.<\/p>\n\n\n\n<p><strong><em>Le G\u00e9n\u00e9ral de l\u2019arm\u00e9e morte<\/em><\/strong> : premier grand succ\u00e8s international de Kadar\u00e9, ce roman suit un g\u00e9n\u00e9ral italien revenu en Albanie apr\u00e8s la Seconde Guerre mondiale pour exhumer les corps de ses soldats tomb\u00e9s.<br>Sous l\u2019apparence d\u2019un r\u00e9cit de guerre, le livre est une profonde m\u00e9ditation sur la culpabilit\u00e9, la m\u00e9moire, l\u2019absurdit\u00e9 des conflits et la difficult\u00e9 de refermer les blessures du pass\u00e9.<br>Sa force tient \u00e0 une \u00e9criture sobre, pr\u00e9cise, presque cin\u00e9matographique, qui m\u00eale ironie, trag\u00e9die et absurdit\u00e9.<\/p>\n\n\n\n<p><strong>III. Th\u00e8mes r\u00e9currents dans l\u2019\u0153uvre de Kadar\u00e9<\/strong><\/p>\n\n\n\n<p>L\u2019univers kadar\u00e9en est travers\u00e9 par un ensemble de motifs constants qui structurent la coh\u00e9rence de son \u0153uvre :<\/p>\n\n\n\n<ul class=\"wp-block-list\">\n<li><strong>Le totalitarisme<\/strong>&nbsp;: exploration du pouvoir absolu, de la surveillance et de la peur collective.<\/li>\n\n\n\n<li><strong>Le mythe et l\u2019histoire<\/strong>&nbsp;: r\u00e9activation des l\u00e9gendes albanaises, des \u00e9pop\u00e9es m\u00e9di\u00e9vales, des figures arch\u00e9typales.<\/li>\n\n\n\n<li><strong>La fatalit\u00e9<\/strong>&nbsp;: lutte contre les forces invisibles (lois ancestrales, destin, institutions).<\/li>\n\n\n\n<li><strong>L\u2019Europe et la p\u00e9riph\u00e9rie<\/strong>&nbsp;: r\u00e9flexion sur la place de l\u2019Albanie et des Balkans dans la civilisation europ\u00e9enne.<\/li>\n\n\n\n<li><strong>La fronti\u00e8re entre r\u00e9alit\u00e9 et all\u00e9gorie<\/strong>&nbsp;: pr\u00e9cision documentaire m\u00eal\u00e9e \u00e0 un symbolisme dense.<\/li>\n\n\n\n<li><strong>La m\u00e9moire<\/strong>&nbsp;: comment les soci\u00e9t\u00e9s se souviennent, oublient ou d\u00e9forment leur pass\u00e9.<\/li>\n<\/ul>\n\n\n\n<p>Ces th\u00e8mes font de son \u0153uvre une lecture essentielle pour comprendre le XX\u1d49 si\u00e8cle, mais aussi les m\u00e9canismes des r\u00e9gimes autoritaires contemporains.<\/p>\n\n\n\n<p><strong>IV. Classement des \u0153uvres majeures par p\u00e9riode&nbsp;:<\/strong><\/p>\n\n\n\n<p><strong><em>P\u00e9riode albanaise (1958 &#8211; 1990)<\/em><\/strong> : il s\u2019agit de la phase la plus risqu\u00e9e et la plus inventive de son parcours, \u00e9crite sous la dictature d\u2019Enver Hoxha. On y trouve notamment :<\/p>\n\n\n\n<ul class=\"wp-block-list\">\n<li><em>Le G\u00e9n\u00e9ral de l\u2019arm\u00e9e morte<\/em><\/li>\n\n\n\n<li><em>Chronique de la ville de pierre<\/em><\/li>\n\n\n\n<li><em>Le Pont aux trois arches<\/em><\/li>\n\n\n\n<li><em>Le Palais des r\u00eaves<\/em><\/li>\n\n\n\n<li><em>Avril bris\u00e9<\/em><\/li>\n\n\n\n<li><em>La Fille d\u2019Agamemnon<\/em><\/li>\n\n\n\n<li><em>La Pyramide<\/em><\/li>\n<\/ul>\n\n\n\n<p>Dans ces \u0153uvres, l\u2019all\u00e9gorie devient un outil de survie litt\u00e9raire : dire sans dire, d\u00e9noncer tout en feignant de servir. La tension entre fiction et r\u00e9alit\u00e9 y atteint une intensit\u00e9 rare.<\/p>\n\n\n\n<p><strong><em>P\u00e9riode fran\u00e7aise (1990 &#8211; aujourd&rsquo;hui)<\/em><\/strong> : apr\u00e8s son exil en France, Kadar\u00e9 publie librement et revisite son pass\u00e9 litt\u00e9raire. \u0152uvres marquantes :<\/p>\n\n\n\n<ul class=\"wp-block-list\">\n<li><em>L\u2019Ombre<\/em><\/li>\n\n\n\n<li><em>L\u2019Accident<\/em><\/li>\n\n\n\n<li><em>Le Dossier H.<\/em><\/li>\n\n\n\n<li><em>La Discorde<\/em><\/li>\n\n\n\n<li><em>Une tombe pour Boris Davidovitch<\/em>&nbsp;(pr\u00e9face et travail de contextualisation)<\/li>\n<\/ul>\n\n\n\n<p>Cette p\u00e9riode est marqu\u00e9e par une plus grande libert\u00e9 formelle, un regard r\u00e9trospectif sur le communisme et une r\u00e9flexion sur l\u2019Europe comme espace historique et symbolique.<br><br><strong>V. Analyse litt\u00e9raire transversale<\/strong><\/p>\n\n\n\n<p>L\u2019\u0153uvre de Kadar\u00e9 se distingue par sa capacit\u00e9 \u00e0 combiner :<\/p>\n\n\n\n<ul class=\"wp-block-list\">\n<li>une&nbsp;<strong><a href=\"https:\/\/lesamisdismailkadare.com\/?page_id=671\" target=\"_blank\" rel=\"noreferrer noopener\">architecture narrative classique<\/a><\/strong>, h\u00e9rit\u00e9e du roman europ\u00e9en,<\/li>\n\n\n\n<li>des&nbsp;<strong><a href=\"https:\/\/lesamisdismailkadare.com\/?page_id=682\" target=\"_blank\" rel=\"noreferrer noopener\">structures mythologiques<\/a><\/strong>, puis\u00e9es dans les Balkans,<\/li>\n\n\n\n<li>des\u00a0<strong><a href=\"https:\/\/lesamisdismailkadare.com\/?page_id=743\" target=\"_blank\" rel=\"noreferrer noopener\">all\u00e9gories politiques<\/a><\/strong>, qui d\u00e9cryptent les m\u00e9canismes du pouvoir,<\/li>\n\n\n\n<li>une&nbsp;<strong><a href=\"https:\/\/lesamisdismailkadare.com\/?page_id=746\" target=\"_blank\" rel=\"noreferrer noopener\">pens\u00e9e anthropologique<\/a><\/strong>, sur les traditions, les codes d\u2019honneur, les structures familiales,<\/li>\n\n\n\n<li>une<a href=\"https:\/\/lesamisdismailkadare.com\/?page_id=748\" target=\"_blank\" rel=\"noreferrer noopener\">&nbsp;<strong>\u00e9criture de la dissidence<\/strong><\/a><strong>,<\/strong> subtile mais implacable.<\/li>\n<\/ul>\n\n\n\n<p>Kadar\u00e9 construit un territoire litt\u00e9raire unique : une Europe de l\u2019Est transfigur\u00e9e, \u00e0 la fois r\u00e9elle et imaginaire, o\u00f9 l\u2019individu se confronte constamment aux forces qui le d\u00e9passent \u2014 l\u2019\u00c9tat, le mythe, la famille, la m\u00e9moire.<\/p>\n","protected":false},"excerpt":{"rendered":"<p>par Claire Patouillet, essayiste et analyste litt\u00e9raire, membre de l&rsquo;association, nov. 2025 I. Introduction L\u2019\u0153uvre d\u2019Isma\u00efl Kadar\u00e9 est l\u2019une des plus puissantes et singuli\u00e8res de la litt\u00e9rature europ\u00e9enne contemporaine. \u00c0 travers romans, r\u00e9cits, po\u00e8mes et essais, l\u2019\u00e9crivain albanais explore les obsessions politiques du XX\u1d49 si\u00e8cle, les mythes fondateurs des Balkans et les m\u00e9canismes de la&hellip;<\/p>\n","protected":false},"author":1,"featured_media":0,"parent":0,"menu_order":0,"comment_status":"closed","ping_status":"closed","template":"","meta":{"footnotes":""},"class_list":["post-651","page","type-page","status-publish","hentry"],"_links":{"self":[{"href":"https:\/\/lesamisdismailkadare.com\/index.php?rest_route=\/wp\/v2\/pages\/651","targetHints":{"allow":["GET"]}}],"collection":[{"href":"https:\/\/lesamisdismailkadare.com\/index.php?rest_route=\/wp\/v2\/pages"}],"about":[{"href":"https:\/\/lesamisdismailkadare.com\/index.php?rest_route=\/wp\/v2\/types\/page"}],"author":[{"embeddable":true,"href":"https:\/\/lesamisdismailkadare.com\/index.php?rest_route=\/wp\/v2\/users\/1"}],"replies":[{"embeddable":true,"href":"https:\/\/lesamisdismailkadare.com\/index.php?rest_route=%2Fwp%2Fv2%2Fcomments&post=651"}],"version-history":[{"count":8,"href":"https:\/\/lesamisdismailkadare.com\/index.php?rest_route=\/wp\/v2\/pages\/651\/revisions"}],"predecessor-version":[{"id":792,"href":"https:\/\/lesamisdismailkadare.com\/index.php?rest_route=\/wp\/v2\/pages\/651\/revisions\/792"}],"wp:attachment":[{"href":"https:\/\/lesamisdismailkadare.com\/index.php?rest_route=%2Fwp%2Fv2%2Fmedia&parent=651"}],"curies":[{"name":"wp","href":"https:\/\/api.w.org\/{rel}","templated":true}]}}