{"id":664,"date":"2025-12-14T16:23:27","date_gmt":"2025-12-14T16:23:27","guid":{"rendered":"https:\/\/lesamisdismailkadare.com\/?page_id=664"},"modified":"2026-01-05T15:46:03","modified_gmt":"2026-01-05T15:46:03","slug":"decouverte","status":"publish","type":"page","link":"https:\/\/lesamisdismailkadare.com\/?page_id=664","title":{"rendered":"D\u00e9couverte"},"content":{"rendered":"\n<p>Ci-apr\u00e8s, une s\u00e9lection de textes produits par les adh\u00e9rents et sympathisants de l&rsquo;association :<\/p>\n\n\n\n<p><a href=\"https:\/\/lesamisdismailkadare.com\/?page_id=660\" target=\"_blank\" rel=\"noreferrer noopener\">Le Roman de la rumeur<\/a>, par Jean-Jacques Didier. docteur en philosophie et lettres, UC Louvain, nov. 2025<\/p>\n\n\n\n<p><a href=\"https:\/\/lesamisdismailkadare.com\/?page_id=671\" target=\"_blank\" rel=\"noreferrer noopener\">L&rsquo;architecture narrative classique europ\u00e9enne chez Kadar\u00e9<\/a>, par Claire Patouillet, essayiste et analyste litt\u00e9raire, membre de l\u2019association, nov. 2025<\/p>\n\n\n\n<p><a href=\"https:\/\/lesamisdismailkadare.com\/?page_id=682\" target=\"_blank\" rel=\"noreferrer noopener\">Les structures mythologiques balkaniques dans l\u2019\u0153uvre de Kadar\u00e9<\/a>, par Claire Patouillet, essayiste et analyste litt\u00e9raire, membre de l\u2019association, nov. 2025<\/p>\n\n\n\n<p><a href=\"https:\/\/lesamisdismailkadare.com\/?page_id=743\" target=\"_blank\" rel=\"noreferrer noopener\">Les all\u00e9gories politiques chez Kadar\u00e9\u00a0: d\u00e9cryptage des m\u00e9canismes du pouvoir<\/a>, par Claire Patouillet, essayiste et analyste litt\u00e9raire, membre de l\u2019association, nov. 2025<\/p>\n\n\n\n<p><a href=\"https:\/\/lesamisdismailkadare.com\/?page_id=746\" target=\"_blank\" rel=\"noreferrer noopener\">La pens\u00e9e anthropologique chez Isma\u00efl Kadar\u00e9 : traditions, codes d\u2019honneur et structures familiales<\/a>, par Claire Patouillet, essayiste et analyste litt\u00e9raire, membre de l\u2019association, nov. 2025<\/p>\n\n\n\n<p><a href=\"https:\/\/lesamisdismailkadare.com\/?page_id=748\" target=\"_blank\" rel=\"noreferrer noopener\">L\u2019\u00e9criture de la dissidence chez Isma\u00efl Kadar\u00e9 : r\u00e9sister sous la dictature<\/a>, par Claire Patouillet, essayiste et analyste litt\u00e9raire, membre de l\u2019association, nov. 2025<\/p>\n","protected":false},"excerpt":{"rendered":"<p>Ci-apr\u00e8s, une s\u00e9lection de textes produits par les adh\u00e9rents et sympathisants de l&rsquo;association : Le Roman de la rumeur, par Jean-Jacques Didier. docteur en philosophie et lettres, UC Louvain, nov. 2025 L&rsquo;architecture narrative classique europ\u00e9enne chez Kadar\u00e9, par Claire Patouillet, essayiste et analyste litt\u00e9raire, membre de l\u2019association, nov. 2025 Les structures mythologiques balkaniques dans l\u2019\u0153uvre&hellip;<\/p>\n","protected":false},"author":1,"featured_media":0,"parent":0,"menu_order":0,"comment_status":"closed","ping_status":"closed","template":"","meta":{"footnotes":""},"class_list":["post-664","page","type-page","status-publish","hentry"],"_links":{"self":[{"href":"https:\/\/lesamisdismailkadare.com\/index.php?rest_route=\/wp\/v2\/pages\/664","targetHints":{"allow":["GET"]}}],"collection":[{"href":"https:\/\/lesamisdismailkadare.com\/index.php?rest_route=\/wp\/v2\/pages"}],"about":[{"href":"https:\/\/lesamisdismailkadare.com\/index.php?rest_route=\/wp\/v2\/types\/page"}],"author":[{"embeddable":true,"href":"https:\/\/lesamisdismailkadare.com\/index.php?rest_route=\/wp\/v2\/users\/1"}],"replies":[{"embeddable":true,"href":"https:\/\/lesamisdismailkadare.com\/index.php?rest_route=%2Fwp%2Fv2%2Fcomments&post=664"}],"version-history":[{"count":17,"href":"https:\/\/lesamisdismailkadare.com\/index.php?rest_route=\/wp\/v2\/pages\/664\/revisions"}],"predecessor-version":[{"id":789,"href":"https:\/\/lesamisdismailkadare.com\/index.php?rest_route=\/wp\/v2\/pages\/664\/revisions\/789"}],"wp:attachment":[{"href":"https:\/\/lesamisdismailkadare.com\/index.php?rest_route=%2Fwp%2Fv2%2Fmedia&parent=664"}],"curies":[{"name":"wp","href":"https:\/\/api.w.org\/{rel}","templated":true}]}}