{"id":67,"date":"2025-07-12T13:39:00","date_gmt":"2025-07-12T13:39:00","guid":{"rendered":"http:\/\/lesamisdismailkadare.com\/?page_id=67"},"modified":"2025-12-14T15:12:33","modified_gmt":"2025-12-14T15:12:33","slug":"membres-fondateurs-et-membres-dhonneur","status":"publish","type":"page","link":"https:\/\/lesamisdismailkadare.com\/?page_id=67","title":{"rendered":"Membres fondateurs et membres d&rsquo;honneur"},"content":{"rendered":"\n<p>Liste des membres fondateurs : Mireille Clapot, Catherine Lef\u00e8vre, Marie Manot, Julien Roche, Val\u00e9rie Thomas.<\/p>\n\n\n\n<figure class=\"wp-block-image size-full\"><img loading=\"lazy\" decoding=\"async\" width=\"960\" height=\"718\" src=\"http:\/\/lesamisdismailkadare.com\/wp-content\/uploads\/2025\/07\/LADIK_membres-fondateurs.jpg\" alt=\"\" class=\"wp-image-84\" srcset=\"https:\/\/lesamisdismailkadare.com\/wp-content\/uploads\/2025\/07\/LADIK_membres-fondateurs.jpg 960w, https:\/\/lesamisdismailkadare.com\/wp-content\/uploads\/2025\/07\/LADIK_membres-fondateurs-300x224.jpg 300w, https:\/\/lesamisdismailkadare.com\/wp-content\/uploads\/2025\/07\/LADIK_membres-fondateurs-768x574.jpg 768w\" sizes=\"auto, (max-width: 960px) 100vw, 960px\" \/><figcaption class=\"wp-element-caption\"><em>De gauche \u00e0 droite : Marie Manot, Catherine Lef\u00e8vre, Mireille Clapot, Val\u00e9rie Thomas<\/em><\/figcaption><\/figure>\n\n\n\n<div class=\"wp-block-columns is-layout-flex wp-container-core-columns-is-layout-28f84493 wp-block-columns-is-layout-flex\">\n<div class=\"wp-block-column is-layout-flow wp-block-column-is-layout-flow\" style=\"--col-width:33.33%;flex-basis:33.33%\"><div class=\"wp-block-image\">\n<figure class=\"aligncenter size-full\"><img loading=\"lazy\" decoding=\"async\" width=\"488\" height=\"488\" src=\"http:\/\/lesamisdismailkadare.com\/wp-content\/uploads\/2025\/12\/13122025-photo-MC-publique-sept-2024.jpg\" alt=\"\" class=\"wp-image-632\" srcset=\"https:\/\/lesamisdismailkadare.com\/wp-content\/uploads\/2025\/12\/13122025-photo-MC-publique-sept-2024.jpg 488w, https:\/\/lesamisdismailkadare.com\/wp-content\/uploads\/2025\/12\/13122025-photo-MC-publique-sept-2024-300x300.jpg 300w, https:\/\/lesamisdismailkadare.com\/wp-content\/uploads\/2025\/12\/13122025-photo-MC-publique-sept-2024-150x150.jpg 150w\" sizes=\"auto, (max-width: 488px) 100vw, 488px\" \/><\/figure>\n<\/div><\/div>\n\n\n\n<div class=\"wp-block-column is-layout-flow wp-block-column-is-layout-flow\" style=\"--col-width:66.66%;flex-basis:66.66%\">\n<p>Comme d\u00e9put\u00e9e de la Dr\u00f4me de 2017 \u00e0 2024, <strong>Mireille Clapot<\/strong> a pr\u00e9sid\u00e9 le groupe d\u2019amiti\u00e9 parlementaire France-Albanie \u00e0 l\u2019Assembl\u00e9e Nationale et a effectu\u00e9 de nombreux s\u00e9jours en Albanie, \u00e0 titre parlementaire ou priv\u00e9.<br>Grande admiratrice d\u2019Ismail Kadar\u00e9, elle r\u00e9dig\u00e9 un m\u00e9moire de ma\u00eetrise de litt\u00e9rature compar\u00e9e sur le th\u00e8me \u00ab\u00a0Les ponts dans la litt\u00e9rature balkanique\u00a0\u00bb, avec un corpus constitu\u00e9 de <em>Les Perses<\/em>, d\u2019Eschyle, <em>Le Pont sur la Drina<\/em>, de Ivo Andric, et <em>Le pont aux Trois Arches<\/em>, d\u2019Ismail Kadar\u00e9. Son travail de recherche, transpos\u00e9 en roman, est paru sous le titre\u00a0<em>De l\u2019\u00eele Diom\u00e8de, j\u2019\u00e9difierai ce pont\u00a0<\/em>(2018),\u00a0aux Editions ThoT, \u00e9galement traduit en albanais et \u00e9dit\u00e9 sous le titre <em>Nga ishulli i Diomedit do ta ngre k\u00ebt\u00eb ur\u00eb<\/em>\u00a0chez Onufri (Tirana, Albanie). Ses livres suivants, <em>Quatre dames (2020) chez ThoT et Le dompteur du Loup-Sentier du Liban (2024) chez Les Impliqu\u00e9s \u00e9diteur, groupe L\u2019Harmattan<\/em> comportent \u00e9galement un hommage \u00e0 l\u2019\u0153uvre d\u2019Ismail Kadar\u00e9. En mai 2024, elle a fond\u00e9 l\u2019association \u00ab\u00a0Les amis d\u2019Ismail Kadar\u00e9\u00a0\u00bb, dont elle est la pr\u00e9sidente.<\/p>\n<\/div>\n<\/div>\n\n\n\n<div class=\"wp-block-columns is-layout-flex wp-container-core-columns-is-layout-28f84493 wp-block-columns-is-layout-flex\">\n<div class=\"wp-block-column is-layout-flow wp-block-column-is-layout-flow\" style=\"--col-width:33.33%;flex-basis:33.33%\"><div class=\"wp-block-image\">\n<figure class=\"aligncenter size-large\"><img loading=\"lazy\" decoding=\"async\" width=\"1024\" height=\"1024\" src=\"http:\/\/lesamisdismailkadare.com\/wp-content\/uploads\/2025\/12\/04032017-IMG_1662-1024x1024.jpg\" alt=\"\" class=\"wp-image-627\" srcset=\"https:\/\/lesamisdismailkadare.com\/wp-content\/uploads\/2025\/12\/04032017-IMG_1662-1024x1024.jpg 1024w, https:\/\/lesamisdismailkadare.com\/wp-content\/uploads\/2025\/12\/04032017-IMG_1662-300x300.jpg 300w, https:\/\/lesamisdismailkadare.com\/wp-content\/uploads\/2025\/12\/04032017-IMG_1662-150x150.jpg 150w, https:\/\/lesamisdismailkadare.com\/wp-content\/uploads\/2025\/12\/04032017-IMG_1662-768x768.jpg 768w, https:\/\/lesamisdismailkadare.com\/wp-content\/uploads\/2025\/12\/04032017-IMG_1662-1536x1536.jpg 1536w, https:\/\/lesamisdismailkadare.com\/wp-content\/uploads\/2025\/12\/04032017-IMG_1662-2048x2048.jpg 2048w, https:\/\/lesamisdismailkadare.com\/wp-content\/uploads\/2025\/12\/04032017-IMG_1662-1200x1200.jpg 1200w, https:\/\/lesamisdismailkadare.com\/wp-content\/uploads\/2025\/12\/04032017-IMG_1662-1980x1980.jpg 1980w\" sizes=\"auto, (max-width: 1024px) 100vw, 1024px\" \/><\/figure>\n<\/div><\/div>\n\n\n\n<div class=\"wp-block-column is-layout-flow wp-block-column-is-layout-flow\" style=\"--col-width:66.66%;flex-basis:66.66%\">\n<p><strong>Catherine Lef\u00e8vre<\/strong> est consultant en strat\u00e9gie op\u00e9rationnelle. A l&rsquo;occasion de voyages en Albanie, elle d\u00e9couvre la riche culture de ce pays et son \u00e9crivain embl\u00e9matique, Ismail Kadar\u00e9. Elle retrouve dans son \u0153uvre des valeurs et des convictions qui la guident dans d&rsquo;autres engagements associatifs, comme le cercle Pythagore. Elle est membre du Conseil d&rsquo;administration de l&rsquo;association.<\/p>\n<\/div>\n<\/div>\n\n\n\n<div class=\"wp-block-columns is-layout-flex wp-container-core-columns-is-layout-28f84493 wp-block-columns-is-layout-flex\">\n<div class=\"wp-block-column is-layout-flow wp-block-column-is-layout-flow\" style=\"--col-width:33.33%;flex-basis:33.33%\"><div class=\"wp-block-image\">\n<figure class=\"aligncenter size-large\"><img loading=\"lazy\" decoding=\"async\" width=\"1024\" height=\"1024\" src=\"http:\/\/lesamisdismailkadare.com\/wp-content\/uploads\/2025\/12\/12122025-Photo-MarieManot-1024x1024.jpg\" alt=\"\" class=\"wp-image-619\" srcset=\"https:\/\/lesamisdismailkadare.com\/wp-content\/uploads\/2025\/12\/12122025-Photo-MarieManot-1024x1024.jpg 1024w, https:\/\/lesamisdismailkadare.com\/wp-content\/uploads\/2025\/12\/12122025-Photo-MarieManot-300x300.jpg 300w, https:\/\/lesamisdismailkadare.com\/wp-content\/uploads\/2025\/12\/12122025-Photo-MarieManot-150x150.jpg 150w, https:\/\/lesamisdismailkadare.com\/wp-content\/uploads\/2025\/12\/12122025-Photo-MarieManot-768x768.jpg 768w, https:\/\/lesamisdismailkadare.com\/wp-content\/uploads\/2025\/12\/12122025-Photo-MarieManot-1536x1536.jpg 1536w, https:\/\/lesamisdismailkadare.com\/wp-content\/uploads\/2025\/12\/12122025-Photo-MarieManot-2048x2048.jpg 2048w, https:\/\/lesamisdismailkadare.com\/wp-content\/uploads\/2025\/12\/12122025-Photo-MarieManot-1200x1200.jpg 1200w, https:\/\/lesamisdismailkadare.com\/wp-content\/uploads\/2025\/12\/12122025-Photo-MarieManot-1980x1980.jpg 1980w\" sizes=\"auto, (max-width: 1024px) 100vw, 1024px\" \/><\/figure>\n<\/div><\/div>\n\n\n\n<div class=\"wp-block-column is-layout-flow wp-block-column-is-layout-flow\" style=\"--col-width:66.66%;flex-basis:66.66%\">\n<p><strong>Marie Manot<\/strong> travaille comme cadre administratif apr\u00e8s un parcours dans la gestion de projets \u00e0 l\u2019international. Elle est tr\u00e8s investie dans des associations de soutien scolaire et des actions de promotion du livre jeunesse. Passionn\u00e9e de litt\u00e9rature, elle a d\u00e9couvert Ismail Kadar\u00e9 dont elle explore l\u2019\u0153uvre avec gourmandise. Elle est tr\u00e9sori\u00e8re de l\u2019association et g\u00e8re le fichier&nbsp;des adh\u00e9rents et sympathisants&nbsp;: c\u2019est \u00e0 elle que vous enverrez vos coordonn\u00e9es et cotisation.<\/p>\n<\/div>\n<\/div>\n\n\n\n<div class=\"wp-block-columns is-layout-flex wp-container-core-columns-is-layout-28f84493 wp-block-columns-is-layout-flex\">\n<div class=\"wp-block-column is-layout-flow wp-block-column-is-layout-flow\" style=\"--col-width:33.33%;flex-basis:33.33%\"><div class=\"wp-block-image\">\n<figure class=\"aligncenter size-large\"><img loading=\"lazy\" decoding=\"async\" width=\"768\" height=\"1024\" src=\"https:\/\/lesamisdismailkadare.com\/wp-content\/uploads\/2025\/12\/14122025-IMG-20251210-WA0000-768x1024.jpg\" alt=\"\" class=\"wp-image-637\" srcset=\"https:\/\/lesamisdismailkadare.com\/wp-content\/uploads\/2025\/12\/14122025-IMG-20251210-WA0000-768x1024.jpg 768w, https:\/\/lesamisdismailkadare.com\/wp-content\/uploads\/2025\/12\/14122025-IMG-20251210-WA0000-225x300.jpg 225w, https:\/\/lesamisdismailkadare.com\/wp-content\/uploads\/2025\/12\/14122025-IMG-20251210-WA0000.jpg 925w\" sizes=\"auto, (max-width: 768px) 100vw, 768px\" \/><\/figure>\n<\/div><\/div>\n\n\n\n<div class=\"wp-block-column is-layout-flow wp-block-column-is-layout-flow\" style=\"--col-width:66.66%;flex-basis:66.66%\">\n<p><strong>Julien Roche<\/strong> est le Fran\u00e7ais le plus connu d\u2019Albanie. Originaire de Bourg en Bresse, ce talentueux homme d\u2019affaires s\u2019est install\u00e9 en Albanie dans les ann\u00e9es 80 et a contribu\u00e9 au d\u00e9veloppement des relations entre la France et l\u2019Albanie, tant \u00e9conomiques que politiques. Il est un ami proche de la famille Kadar\u00e9, qu\u2019il a accompagn\u00e9e en Albanie et lors de son installation en France. Pr\u00e9sident de la Chambre de Commerce franco-albanaise, il a \u00e9t\u00e9 fait Chevalier de la L\u00e9gion d\u2019Honneur en 2015, et a \u00e9t\u00e9 distingu\u00e9 par la Grand\u2019Croix de l\u2019Ordre Royal de Skanderberg (Albanie).<br><br><\/p>\n<\/div>\n<\/div>\n\n\n\n<div class=\"wp-block-columns is-layout-flex wp-container-core-columns-is-layout-28f84493 wp-block-columns-is-layout-flex\">\n<div class=\"wp-block-column is-layout-flow wp-block-column-is-layout-flow\">\n<figure class=\"wp-block-image size-large\"><img loading=\"lazy\" decoding=\"async\" width=\"746\" height=\"1024\" src=\"http:\/\/lesamisdismailkadare.com\/wp-content\/uploads\/2025\/07\/photo_2025-07-11_22-08-41-746x1024.jpg\" alt=\"\" class=\"wp-image-29\" srcset=\"https:\/\/lesamisdismailkadare.com\/wp-content\/uploads\/2025\/07\/photo_2025-07-11_22-08-41-746x1024.jpg 746w, https:\/\/lesamisdismailkadare.com\/wp-content\/uploads\/2025\/07\/photo_2025-07-11_22-08-41-219x300.jpg 219w, https:\/\/lesamisdismailkadare.com\/wp-content\/uploads\/2025\/07\/photo_2025-07-11_22-08-41-768x1054.jpg 768w, https:\/\/lesamisdismailkadare.com\/wp-content\/uploads\/2025\/07\/photo_2025-07-11_22-08-41.jpg 933w\" sizes=\"auto, (max-width: 746px) 100vw, 746px\" \/><\/figure>\n<\/div>\n\n\n\n<div class=\"wp-block-column is-layout-flow wp-block-column-is-layout-flow\">\n<figure class=\"wp-block-image size-large\"><img loading=\"lazy\" decoding=\"async\" width=\"886\" height=\"1024\" src=\"http:\/\/lesamisdismailkadare.com\/wp-content\/uploads\/2025\/07\/photo_2025-07-11_22-09-22-886x1024.jpg\" alt=\"\" class=\"wp-image-28\" srcset=\"https:\/\/lesamisdismailkadare.com\/wp-content\/uploads\/2025\/07\/photo_2025-07-11_22-09-22-886x1024.jpg 886w, https:\/\/lesamisdismailkadare.com\/wp-content\/uploads\/2025\/07\/photo_2025-07-11_22-09-22-259x300.jpg 259w, https:\/\/lesamisdismailkadare.com\/wp-content\/uploads\/2025\/07\/photo_2025-07-11_22-09-22-768x888.jpg 768w, https:\/\/lesamisdismailkadare.com\/wp-content\/uploads\/2025\/07\/photo_2025-07-11_22-09-22.jpg 1107w\" sizes=\"auto, (max-width: 886px) 100vw, 886px\" \/><\/figure>\n<\/div>\n\n\n\n<div class=\"wp-block-column is-layout-flow wp-block-column-is-layout-flow\">\n<figure class=\"wp-block-image size-large\"><img loading=\"lazy\" decoding=\"async\" width=\"768\" height=\"1024\" src=\"http:\/\/lesamisdismailkadare.com\/wp-content\/uploads\/2025\/07\/photo_2025-07-11_22-09-16-768x1024.jpg\" alt=\"\" class=\"wp-image-27\" srcset=\"https:\/\/lesamisdismailkadare.com\/wp-content\/uploads\/2025\/07\/photo_2025-07-11_22-09-16-768x1024.jpg 768w, https:\/\/lesamisdismailkadare.com\/wp-content\/uploads\/2025\/07\/photo_2025-07-11_22-09-16-225x300.jpg 225w, https:\/\/lesamisdismailkadare.com\/wp-content\/uploads\/2025\/07\/photo_2025-07-11_22-09-16.jpg 960w\" sizes=\"auto, (max-width: 768px) 100vw, 768px\" \/><\/figure>\n<\/div>\n<\/div>\n\n\n\n<p><\/p>\n\n\n\n<p><\/p>\n\n\n\n<p><\/p>\n","protected":false},"excerpt":{"rendered":"<p>Liste des membres fondateurs : Mireille Clapot, Catherine Lef\u00e8vre, Marie Manot, Julien Roche, Val\u00e9rie Thomas. Comme d\u00e9put\u00e9e de la Dr\u00f4me de 2017 \u00e0 2024, Mireille Clapot a pr\u00e9sid\u00e9 le groupe d\u2019amiti\u00e9 parlementaire France-Albanie \u00e0 l\u2019Assembl\u00e9e Nationale et a effectu\u00e9 de nombreux s\u00e9jours en Albanie, \u00e0 titre parlementaire ou priv\u00e9.Grande admiratrice d\u2019Ismail Kadar\u00e9, elle r\u00e9dig\u00e9 un&hellip;<\/p>\n","protected":false},"author":1,"featured_media":0,"parent":0,"menu_order":0,"comment_status":"closed","ping_status":"closed","template":"","meta":{"footnotes":""},"class_list":["post-67","page","type-page","status-publish","hentry"],"_links":{"self":[{"href":"https:\/\/lesamisdismailkadare.com\/index.php?rest_route=\/wp\/v2\/pages\/67","targetHints":{"allow":["GET"]}}],"collection":[{"href":"https:\/\/lesamisdismailkadare.com\/index.php?rest_route=\/wp\/v2\/pages"}],"about":[{"href":"https:\/\/lesamisdismailkadare.com\/index.php?rest_route=\/wp\/v2\/types\/page"}],"author":[{"embeddable":true,"href":"https:\/\/lesamisdismailkadare.com\/index.php?rest_route=\/wp\/v2\/users\/1"}],"replies":[{"embeddable":true,"href":"https:\/\/lesamisdismailkadare.com\/index.php?rest_route=%2Fwp%2Fv2%2Fcomments&post=67"}],"version-history":[{"count":24,"href":"https:\/\/lesamisdismailkadare.com\/index.php?rest_route=\/wp\/v2\/pages\/67\/revisions"}],"predecessor-version":[{"id":641,"href":"https:\/\/lesamisdismailkadare.com\/index.php?rest_route=\/wp\/v2\/pages\/67\/revisions\/641"}],"wp:attachment":[{"href":"https:\/\/lesamisdismailkadare.com\/index.php?rest_route=%2Fwp%2Fv2%2Fmedia&parent=67"}],"curies":[{"name":"wp","href":"https:\/\/api.w.org\/{rel}","templated":true}]}}