{"id":671,"date":"2025-12-14T16:42:25","date_gmt":"2025-12-14T16:42:25","guid":{"rendered":"https:\/\/lesamisdismailkadare.com\/?page_id=671"},"modified":"2026-01-05T16:04:42","modified_gmt":"2026-01-05T16:04:42","slug":"larchitecture-narrative-classique-europeenne-chez-kadare","status":"publish","type":"page","link":"https:\/\/lesamisdismailkadare.com\/?page_id=671","title":{"rendered":"L&rsquo;architecture narrative classique europ\u00e9enne chez Kadar\u00e9"},"content":{"rendered":"\n<p>par Claire Patouillet, essayiste et analyste litt\u00e9raire, membre de l&rsquo;association, nov. 2025<\/p>\n\n\n\n<p><strong>I. Le roman classique de Kadar\u00e9, une matrice europ\u00e9enne assum\u00e9e<\/strong><\/p>\n\n\n\n<p>L\u2019architecture narrative classique, celle du roman europ\u00e9en \u201ccanonique\u201d, se caract\u00e9rise par plusieurs conventions bien \u00e9tablies : une intrigue bien structur\u00e9e, des personnages clairement d\u00e9finis, une progression lin\u00e9aire ou quasi-lin\u00e9aire, une unit\u00e9 de temps et\/ou de lieu souvent assum\u00e9e, et une r\u00e9solution ou un point d\u2019ach\u00e8vement qui donne sens \u00e0 l\u2019ensemble. Ces caract\u00e9ristiques proviennent de la tradition romanesque europ\u00e9enne du roman, influenc\u00e9e par les mod\u00e8les r\u00e9alistes notamment chers \u00e0 Balzac, le roman historique et les formes narratives du XIX\u1d49\u202fsi\u00e8cle qui valorisent la densit\u00e9 psychologique et l\u2019articulation entre individu et soci\u00e9t\u00e9.<\/p>\n\n\n\n<p>Isma\u00efl\u202fKadar\u00e9, bien que profond\u00e9ment enracin\u00e9 dans la culture albanaise et l\u2019univers mythologique balkanique, emprunte volontiers cette \u201carchitecture narrative classique europ\u00e9enne\u201d. Ce choix n\u2019est pas un simple conformisme litt\u00e9raire mais refl\u00e8te ses influences de la litt\u00e9rature fran\u00e7aise et lui permet de structurer ses fictions de fa\u00e7on lisible et puissante, tout en v\u00e9hiculant des id\u00e9es complexes et des all\u00e9gories politiques sans sacrifier l\u2019accessibilit\u00e9.<\/p>\n\n\n\n<p><strong>II. Les manifestations de l\u2019architecture classique dans l\u2019oeuvre d\u2019Isma\u00efl Kadar\u00e9<\/strong><\/p>\n\n\n\n<p><strong><em>Intrigue et progression narrative<\/em><\/strong><\/p>\n\n\n\n<p>Les romans de Kadar\u00e9 pr\u00e9sentent g\u00e9n\u00e9ralement une progression narrative claire. Il y a un point de d\u00e9part, des p\u00e9rip\u00e9ties, des conflits, et une r\u00e9solution (plus ou moins nette). Par exemple, dans&nbsp;<strong><em>Le G\u00e9n\u00e9ral de l\u2019arm\u00e9e morte<\/em><\/strong>, l\u2019intrigue suit un g\u00e9n\u00e9ral italien revenant pour exhumer les corps de ses soldats, ce qui \u00e9voque un cadre de quasi \u201croman de guerre\u201d classique, mais transform\u00e9 en m\u00e9ditation sur la m\u00e9moire et la culpabilit\u00e9 individuelle et collective.<\/p>\n\n\n\n<p>Cette lin\u00e9arit\u00e9 apparente rassure le lecteur, lui offre des rep\u00e8res familiers. Mais Kadar\u00e9 ne l\u2019utilise jamais comme une fin en soi, plut\u00f4t comme une enveloppe pour des r\u00e9flexions plus profondes. Elle constitue la toile de son canevas litt\u00e9raire.<\/p>\n\n\n\n<p><strong><em>Personnages et focalisation<\/em><\/strong><\/p>\n\n\n\n<p>Kadar\u00e9 cr\u00e9e des personnages avec une double dimension, psychologiques et symboliques. Bureaucrates, fonctionnaires du r\u00eave, des r\u00eaveurs, des figures mythiques ou historiques, ils fonctionnement souvent comme des porteurs de sens, le plus souvent symbolique. Cette technique s\u2019inscrit dans la tradition du roman all\u00e9gorique europ\u00e9en, inspir\u00e9 par des mythes ou des figures historiques, mais enrichie par l\u2019exp\u00e9rience totalitaire balkanique.<\/p>\n\n\n\n<p>Dans&nbsp;<em>Le Palais des r\u00eaves<\/em>, le protagoniste Mark-Alem peut \u00eatre lu non seulement comme un individu singulier mais aussi comme une m\u00e9taphore du sujet soumis au pouvoir. Il n\u2019est pas juste un personnage, il est un lieu de r\u00e9flexion sur la surveillance, le destin, l\u2019autorit\u00e9. Cette densit\u00e9 psychologique (ou psychanalytique) et all\u00e9gorique rappelle les personnages \u201ctypes\u201d de la litt\u00e9rature europ\u00e9enne, impr\u00e9gn\u00e9s ici par l\u2019exp\u00e9rience totalitaire et d\u2019une sensibilit\u00e9 proprement balkanique.<\/p>\n\n\n\n<p><strong><em>Temps, espace, cadre narratif<\/em><\/strong><\/p>\n\n\n\n<p>Kadar\u00e9 situe syst\u00e9matiquement ses r\u00e9cits dans un contexte historiquement d\u00e9fini&nbsp;: &nbsp;L\u2019Albanie ottomane, communiste ou post-communiste. Ce cadre spatio-temporel s\u2019inscrit dans une tradition du roman historique et r\u00e9aliste europ\u00e9en. Kadar\u00e9 cr\u00e9e des espaces forts, charg\u00e9s de symbolisme (ponts m\u00e9di\u00e9vaux, citadelles, palais) et joue avec la temporalit\u00e9 narrative alternant alternent pass\u00e9 et pr\u00e9sent, ou ins\u00e9rant des digressions mythologiques.<\/p>\n\n\n\n<p>La recherche universitaire a d\u00e9montr\u00e9 comment Kadar\u00e9 utilise le temps comme un mat\u00e9riau narratif charg\u00e9 de symbolisme. La dictature d\u2019Hoxha ou la transition post-communiste sont traduites en motifs spatiaux et temporels (\u201cnouvelle Albanie\u201d) qui structurent le r\u00e9cit<a href=\"#_ftn1\" id=\"_ftnref1\">[1]<\/a>.<\/p>\n\n\n\n<p><strong><em>R\u00e9solution et port\u00e9e symbolique<\/em><\/strong><\/p>\n\n\n\n<p>M\u00eame lorsque ses r\u00e9cits semblent adopter une structure apparemment \u201cclassique\u201d, Kadar\u00e9 se refuse aux r\u00e9solutions simplistes. Il pr\u00e9f\u00e8re souvent une fin ouverte, symbolique, ou m\u00e9taphorique, qui maintient la tension interpr\u00e9tative. Cette approche respecte certes l\u2019architecture du roman classique avec son arc narratif complet, mais Kadar\u00e9 l\u2019utilise pour poser des questions plus vastes sur la m\u00e9moire, le sacrifice et les m\u00e9canismes de pouvoir.<\/p>\n\n\n\n<p>Cette forme \u201cclassique + all\u00e9gorique\u201d lui permet de transmettre un message politique et philosophique sans compromettre la lisibilit\u00e9 de l\u2019\u0153uvre.<\/p>\n\n\n\n<p><strong>III. Pourquoi cette architecture narrative chez Kadar\u00e9&nbsp;?<\/strong><\/p>\n\n\n\n<p><strong><em>Accessibilit\u00e9 et universalit\u00e9<\/em><\/strong><\/p>\n\n\n\n<p>Adopter une structure narrative \u201c classique\u201d famili\u00e8re au lecteur europ\u00e9en rend les romans de Kadar\u00e9 accessibles \u00e0 un large public. Cela permet au lecteur non albanais de se rep\u00e9rer dans l\u2019intrigue, d\u2019entrer dans l\u2019histoire m\u00eame lorsque le contexte politique ou historique lui est \u00e9tranger. La familiarit\u00e9 de la forme lui donne une lisibilit\u00e9 universelle, qui transcende les fronti\u00e8res.<\/p>\n\n\n\n<p><strong><em>Un voile pour la subversio<\/em><\/strong>n<\/p>\n\n\n\n<p>Kadar\u00e9 use de cette architecture comme d\u2019un \u201cvoile\u201d strat\u00e9gique. La forme rassure, tandis que le fond subvertit. En encadrant des th\u00e8mes lourds comme la dictature, la peur ou l\u2019oppression, dans une structure narrative traditionnelle, il peut critiquer le pouvoir sans s\u2019exposer imm\u00e9diatement \u00e0 la censure. La tradition romanesque europ\u00e9enne devient un \u201c\u00e9crin\u201d pour la dissidence.<\/p>\n\n\n\n<p><strong><em>Symbolisation et all\u00e9gorie<\/em><\/strong><\/p>\n\n\n\n<p>L\u2019architecture classique sert de matrice pour d\u00e9velopper des all\u00e9gories parfois complexes. Les intrigues apparemment banales (un r\u00eave, un exil, un pont) se chargent de significations politiques et m\u00e9taphysiques. Le cadre roman\u2011europ\u00e9en constitue le \u201cdegr\u00e9 z\u00e9ro\u201d \u00e0 partir duquel Kadar\u00e9 projette des significations plus vastes et plus ambigus.<\/p>\n\n\n\n<p><strong><em>M\u00e9moire et l\u00e9gitimit\u00e9<\/em><\/strong><\/p>\n\n\n\n<p>Enfin, cette structure narrative donne \u00e0 l\u2019\u0153uvre de Kadar\u00e9 une l\u00e9gitimit\u00e9 litt\u00e9raire. En se pla\u00e7ant dans la tradition du roman europ\u00e9en, il revendique son appartenance \u00e0 la \u201cgrande litt\u00e9rature\u201d, \u00e9chappant ainsi \u00e0 l\u2019enfermement dans une cat\u00e9gorie folklorique ou purement locale ou r\u00e9gionale. Il affirme son statut d\u2019\u00e9crivain europ\u00e9en, capable de dialoguer avec la tradition et une certaine id\u00e9e d\u2019un universalisme avec une voix singuli\u00e8re.<\/p>\n\n\n\n<p><strong>IV. Limites et tensions dans cette strat\u00e9gie narrative<\/strong><\/p>\n\n\n\n<p>Cependant, cette combinaison \u201cclassique + contexte balkanique\u201d n\u2019est pas sans ses propres tensions :<\/p>\n\n\n\n<ul class=\"wp-block-list\">\n<li><strong>Le risque de l\u2019herm\u00e9tisme (dilution)<\/strong>&nbsp;: l\u2019all\u00e9gorie et la symbolique peuvent para\u00eetre opaques pour les lecteurs non initi\u00e9s aux codes culturels et politiques de l\u2019Albanie.<\/li>\n\n\n\n<li><strong>Le conflit entre universalit\u00e9 et particularit\u00e9<\/strong>&nbsp;: en adoptant un cadre narratif europ\u00e9en, Kadar\u00e9 peut att\u00e9nuer certaines sp\u00e9cificit\u00e9s albanaises ou balkaniques profondes.<\/li>\n\n\n\n<li><strong>L\u2019ambigu\u00eft\u00e9 morale<\/strong>&nbsp;: les fins ouvertes ou m\u00e9taphoriques peuvent frustrer les lecteurs en qu\u00eate de \u201cv\u00e9rit\u00e9\u201d ou de r\u00e9solution morale nette, cr\u00e9ant parfois une impression d\u2019inach\u00e8vement.<\/li>\n<\/ul>\n\n\n\n<p><strong>V. Perspectives compar\u00e9e&nbsp;: Kadar\u00e9 et les ma\u00eetres europ\u00e9ens de l\u2019all\u00e9gorie<\/strong><\/p>\n\n\n\n<p>On peut comparer l\u2019usage que fait Kadar\u00e9 de l\u2019architecture classique \u00e0 des auteurs comme&nbsp;<strong>Orwell<\/strong><strong>&nbsp;<\/strong>ou<strong>&nbsp;<\/strong><strong>Kafka<\/strong><strong>.<\/strong> Comme eux, il utilise des structures de r\u00e9cit simples (intrigue lin\u00e9aire, progression claire, dimension all\u00e9gorique) pour aborder des questions de pouvoir et de l\u2019oppression. Mais contrairement \u00e0 eux, Kadar\u00e9 introduit la dimension mythologique et \u00e9pique des Balkans, lui conf\u00e9rant un souffle \u00e0 la fois local et universel.<\/p>\n\n\n\n<p>Par ailleurs, les travaux universitaires, et notamment la th\u00e8se d\u2019Alketa Spahiu,&nbsp;<em>De l\u2019\u00e9pop\u00e9e au roman<\/em>, ont mis en lumi\u00e8re cette hybridation singuli\u00e8re. Kadar\u00e9 fusionne la tradition orale et \u00e9pique balkanique (rhapsodes, chants h\u00e9ro\u00efques) avec la trame narrative moderne du roman europ\u00e9en.<a href=\"#_ftn2\" id=\"_ftnref2\">[2]<\/a>&nbsp; Cette hybridation ou synth\u00e8se, est l\u2019une de ses forces majeures et explique la r\u00e9sonnance particuli\u00e8re de son oeuvre.<\/p>\n\n\n\n<p><strong>VI. Conclusion&nbsp;: l\u2019architecture classique, un levier de puissance litt\u00e9raire<\/strong><\/p>\n\n\n\n<p>En combinant une&nbsp;<strong>architecture narrative classique h\u00e9rit\u00e9e du roman europ\u00e9en<\/strong>&nbsp;avec des mat\u00e9riaux litt\u00e9raires profond\u00e9ment balkaniques (mythes, tradition \u00e9pique, m\u00e9moire collective), Isma\u00efl Kadar\u00e9 cr\u00e9e une \u0153uvre qui est \u00e0 la fois accessible, profond\u00e9ment symbolique, politiquement subversive et universelle.<\/p>\n\n\n\n<p>Sa ma\u00eetrise de la structure traditionnelle lui donne une port\u00e9e globale pour une audience internationale. Son usage de l\u2019all\u00e9gorie et du mythe lui permet d\u2019inscrire son \u0153uvre dans une critique politique exigeante tout en le gardant profond\u00e9ment ancr\u00e9 dans son territoire. Il s\u2019impose ainsi comme un&nbsp;<strong>\u00e9crivain europ\u00e9en<\/strong>, capable de dialogue entre tradition et modernit\u00e9, m\u00e9moire locale et questions universelles du pouvoir.<\/p>\n\n\n\n<p>Cette architecture narrative classique n\u2019est pas un simple choix formel ou esth\u00e9tique : c\u2019est un outil strat\u00e9gique, \u00e0 la fois litt\u00e9raire et politique, au c\u0153ur de son projet d\u2019\u00e9crivain engag\u00e9.<\/p>\n\n\n\n<hr class=\"wp-block-separator has-alpha-channel-opacity\"\/>\n\n\n\n<p><a href=\"#_ftnref1\" id=\"_ftn1\">[1]<\/a> Th\u00e8se\u00a0<em>\u201cLa symbologie de l\u2019espace et du temps dans l\u2019Albanie nouvelle : L\u2019Accident\u201d<\/em>\u00a0<em>Cahiers balkaniques<\/em>, consult\u00e9 sur OpenEdition Journals <a href=\"https:\/\/journals.openedition.org\/ceb\/11816?utm_source=chatgpt.com\">https:\/\/journals.openedition.org\/ceb\/11816<\/a><\/p>\n\n\n\n<p><a href=\"#_ftnref2\" id=\"_ftn2\">[2]<\/a> Alketa Spahiu,\u00a0<em>De l&rsquo;\u00e9pop\u00e9e au roman<\/em>, th\u00e8se de doctorat, Universit\u00e9 Paris IV, 2004 <a href=\"https:\/\/theses.fr\/2004PA040190?utm_source=chatgpt.com\">https:\/\/theses.fr\/2004PA040190<\/a><\/p>\n","protected":false},"excerpt":{"rendered":"<p>par Claire Patouillet, essayiste et analyste litt\u00e9raire, membre de l&rsquo;association, nov. 2025 I. Le roman classique de Kadar\u00e9, une matrice europ\u00e9enne assum\u00e9e L\u2019architecture narrative classique, celle du roman europ\u00e9en \u201ccanonique\u201d, se caract\u00e9rise par plusieurs conventions bien \u00e9tablies : une intrigue bien structur\u00e9e, des personnages clairement d\u00e9finis, une progression lin\u00e9aire ou quasi-lin\u00e9aire, une unit\u00e9 de temps&hellip;<\/p>\n","protected":false},"author":1,"featured_media":0,"parent":0,"menu_order":0,"comment_status":"closed","ping_status":"closed","template":"","meta":{"footnotes":""},"class_list":["post-671","page","type-page","status-publish","hentry"],"_links":{"self":[{"href":"https:\/\/lesamisdismailkadare.com\/index.php?rest_route=\/wp\/v2\/pages\/671","targetHints":{"allow":["GET"]}}],"collection":[{"href":"https:\/\/lesamisdismailkadare.com\/index.php?rest_route=\/wp\/v2\/pages"}],"about":[{"href":"https:\/\/lesamisdismailkadare.com\/index.php?rest_route=\/wp\/v2\/types\/page"}],"author":[{"embeddable":true,"href":"https:\/\/lesamisdismailkadare.com\/index.php?rest_route=\/wp\/v2\/users\/1"}],"replies":[{"embeddable":true,"href":"https:\/\/lesamisdismailkadare.com\/index.php?rest_route=%2Fwp%2Fv2%2Fcomments&post=671"}],"version-history":[{"count":3,"href":"https:\/\/lesamisdismailkadare.com\/index.php?rest_route=\/wp\/v2\/pages\/671\/revisions"}],"predecessor-version":[{"id":794,"href":"https:\/\/lesamisdismailkadare.com\/index.php?rest_route=\/wp\/v2\/pages\/671\/revisions\/794"}],"wp:attachment":[{"href":"https:\/\/lesamisdismailkadare.com\/index.php?rest_route=%2Fwp%2Fv2%2Fmedia&parent=671"}],"curies":[{"name":"wp","href":"https:\/\/api.w.org\/{rel}","templated":true}]}}