{"id":77,"date":"2025-07-12T13:50:19","date_gmt":"2025-07-12T13:50:19","guid":{"rendered":"http:\/\/lesamisdismailkadare.com\/?page_id=77"},"modified":"2025-07-29T14:57:45","modified_gmt":"2025-07-29T14:57:45","slug":"nos-statuts","status":"publish","type":"page","link":"https:\/\/lesamisdismailkadare.com\/?page_id=77","title":{"rendered":"Nos statuts"},"content":{"rendered":"\n<p><strong>Association \u00ab&nbsp;Les amis d\u2019Ismail Kadar\u00e9&nbsp;\u00bb<\/strong><\/p>\n\n\n\n<p><strong>Article 1 Constitution et D\u00e9nomination<\/strong><\/p>\n\n\n\n<p>Il est fond\u00e9 entre les personnes soussign\u00e9es et toute personne adh\u00e9rant aux pr\u00e9sents statuts une association ayant pour d\u00e9nomination \u00ab&nbsp;Les amis d\u2019Ismail Kadar\u00e9&nbsp;\u00bb, r\u00e9gie par la loi du 1<sup>er<\/sup> juillet 1901 telle que modifi\u00e9e par divers textes ult\u00e9rieurs, et le d\u00e9cret du 16 ao\u00fbt 1901.<\/p>\n\n\n\n<p><strong>Article 2 Objet<\/strong><\/p>\n\n\n\n<p>Cette association a pour objet de&nbsp;:<\/p>\n\n\n\n<ul class=\"wp-block-list\">\n<li>faire conna\u00eetre et promouvoir l\u2019\u0153uvre de l\u2019\u00e9crivain Ismail Kadar\u00e9<\/li>\n\n\n\n<li>d\u00e9velopper la connaissance de la vie, des \u0153uvres et des id\u00e9es de cet \u00e9crivain dans tous les milieux et aupr\u00e8s de tous les publics, notamment par l\u2019organisation d\u2019animations (conf\u00e9rences, d\u00e9bats, expositions, projections\u2026) dans toute structure en France ou \u00e0 l\u2019\u00e9tranger<\/li>\n\n\n\n<li>susciter et favoriser les rencontres entre tout public ayant un lien avec son \u0153uvre\u00a0: lecteurs, \u00e9tudiants, critiques litt\u00e9raires, biblioth\u00e9caires, journalistes&#8230;<\/li>\n<\/ul>\n\n\n\n<p><strong>Article 3 Dur\u00e9e<\/strong><\/p>\n\n\n\n<p>La dur\u00e9e de l\u2019association est illimit\u00e9e.<\/p>\n\n\n\n<p><strong>Article 4 Si\u00e8ge social<\/strong><\/p>\n\n\n\n<p>Le si\u00e8ge social est fix\u00e9 au 3005 route de Tain, 26600 LA ROCHE DE GLUN chez Mireille CLAPOT. Il pourra \u00eatre transf\u00e9r\u00e9 par simple d\u00e9cision du Bureau.<\/p>\n\n\n\n<p><strong>Article 5 Membres de l\u2019association<\/strong><\/p>\n\n\n\n<p>L\u2019association regroupe des personnes physiques majeures et des personnes morales qui adh\u00e8rent aux objectifs d\u00e9crits dans l\u2019article 2 des pr\u00e9sents Statuts et qui paient une cotisation annuelle.<\/p>\n\n\n\n<p>Les membres personnes morales sont repr\u00e9sent\u00e9s par leur repr\u00e9sentant l\u00e9gal en exercice ou par toute autre personne dont l\u2019habilitation \u00e0 cet effet aura \u00e9t\u00e9 notifi\u00e9e \u00e0 l\u2019association.<\/p>\n\n\n\n<p><strong>5.1 Admission des Membres<\/strong><\/p>\n\n\n\n<p>Les personnes physiques et morales souhaitant devenir Membres de l\u2019Association doivent adresser leur demande d\u2019adh\u00e9sion par \u00e9crit ou par courrier \u00e9lectronique au (\u00e0 la ) Pr\u00e9sident (e) de l\u2019Association.<\/p>\n\n\n\n<p>Le (la) Pr\u00e9sident(e) de l\u2019Association soumet la candidature au Bureau, qui statue, d\u00e9cide d\u2019accepter ou de refuser l\u2019admission de la personne.<\/p>\n\n\n\n<p><strong>5.2 Obligations des Membres<\/strong><\/p>\n\n\n\n<p>Les Membres s\u2019engagent \u00e0 respecter les Statuts de l\u2019Association, ainsi que les d\u00e9cisions valablement prises par les organes de celle-ci.<\/p>\n\n\n\n<p>Tous les Membres sont tenus de verser leur cotisation annuelle, dont le montant est fix\u00e9 par le Conseil d\u2019Administration et qui peut \u00eatre diff\u00e9renci\u00e9 entre les personnes physiques et morales et selon les diff\u00e9rentes cat\u00e9gories de membre.<\/p>\n\n\n\n<p>Cette cotisation est exigible au 1<sup>er<\/sup> janvier de chaque ann\u00e9e civile.<\/p>\n\n\n\n<p>Pour toute adh\u00e9sion en cours d\u2019ann\u00e9e, la cotisation annuelle est due dans son enti\u00e8ret\u00e9.<\/p>\n\n\n\n<p>Par exception, la premi\u00e8re cotisation sera exigible d\u00e8s la cr\u00e9ation de l\u2019Association au titre de l\u2019ann\u00e9e civile de cr\u00e9ation.<\/p>\n\n\n\n<p><strong>5.3 Cat\u00e9gories de Membres<\/strong><\/p>\n\n\n\n<ul class=\"wp-block-list\">\n<li>Membres fondateurs : sont Membres fondateurs de l\u2019Association les personnes qui ont particip\u00e9 \u00e0 sa constitution et dont la liste figure en annexe des Statuts (Annexe 1). Les Membres fondateurs sont Membres de droit de l\u2019Association et du Conseil d\u2019Administration.<\/li>\n\n\n\n<li>Membres actifs ou adh\u00e9rents : sont Membres adh\u00e9rents les personnes qui ont \u00e9t\u00e9 admises par le Bureau de l\u2019Association et s\u2019engagent \u00e0 participer r\u00e9guli\u00e8rement au fonctionnement de l\u2019Association.<\/li>\n\n\n\n<li>Membres bienfaiteurs : sont Membres bienfaiteurs les personnes qui, au-del\u00e0 de la cotisation annuelle de l\u2019adh\u00e9rent classique ont vers\u00e9 une cotisation annuelle de Membre bienfaiteur, telle que d\u00e9finie par le Conseil d\u2019Administration.<\/li>\n\n\n\n<li>Membres d\u2019honneur : sont Membres d\u2019honneur les personnes qui rendent ou ont rendu des services importants \u00e0 l\u2019Association et auxquelles le Conseil d\u2019Administration a d\u00e9cern\u00e9 cette qualit\u00e9.<\/li>\n<\/ul>\n\n\n\n<p><strong>Article 6 Cotisation<\/strong><\/p>\n\n\n\n<p>Le montant de celle-ci est fix\u00e9 chaque ann\u00e9e par le Conseil d\u2019Administration de l\u2019association.<\/p>\n\n\n\n<p><strong>Article 7 Perte de la qualit\u00e9 de Membre<\/strong><\/p>\n\n\n\n<p>La qualit\u00e9 de membre se perd par&nbsp;:<\/p>\n\n\n\n<ul class=\"wp-block-list\">\n<li>la d\u00e9mission notifi\u00e9e par \u00e9crit au (\u00e0 la) Pr\u00e9sident(e) de l\u2019Association,<\/li>\n\n\n\n<li>le d\u00e9c\u00e8s pour les personnes physiques, ou la dissolution des personnes morales<\/li>\n\n\n\n<li>la radiation prononc\u00e9e par le conseil d\u2019administration pour motif grave<\/li>\n\n\n\n<li>la radiation automatique pour non-paiement de la cotisation annuelle.<\/li>\n<\/ul>\n\n\n\n<p>Toute cotisation d\u00e9j\u00e0 vers\u00e9e reste acquise \u00e0 l\u2019Association.<\/p>\n\n\n\n<p><strong>Article 8 Ressources<\/strong><\/p>\n\n\n\n<p>Les ressources de l\u2019association comprennent&nbsp;:<\/p>\n\n\n\n<ul class=\"wp-block-list\">\n<li>les cotisations<\/li>\n\n\n\n<li>les dons<\/li>\n\n\n\n<li>les subventions publiques \u00e9ventuelles<\/li>\n\n\n\n<li>toutes les ressources autoris\u00e9es par les lois et r\u00e8glements en vigueur.<\/li>\n<\/ul>\n\n\n\n<p><strong>Article 9 Conseil d\u2019Administration et Bureau<\/strong><\/p>\n\n\n\n<p>L\u2019Association est r\u00e9gie par un Conseil d\u2019Administration de 3 membres au minimum, \u00e9lus pour 3 ann\u00e9es par l\u2019Assembl\u00e9e G\u00e9n\u00e9rale et r\u00e9\u00e9ligibles.<\/p>\n\n\n\n<p>Les membres fondateurs restent de droit membres du Conseil d\u2019Administration.<\/p>\n\n\n\n<p>Le Conseil d\u2019Administration choisit parmi ses membres un bureau compos\u00e9 au minimum de&nbsp;:<\/p>\n\n\n\n<ul class=\"wp-block-list\">\n<li>un.e Pr\u00e9sident.e<\/li>\n\n\n\n<li>un.e Secr\u00e9taire<\/li>\n\n\n\n<li>un.e Tr\u00e9sorier.e.<\/li>\n<\/ul>\n\n\n\n<p>Toutes les fonctions, y compris celles de membre du conseil d\u2019administration et du bureau, sont exerc\u00e9es \u00e0 titre b\u00e9n\u00e9vole. Seuls les frais occasionn\u00e9s par l\u2019accomplissement du mandat peuvent \u00eatre rembours\u00e9s sur justificatifs.<\/p>\n\n\n\n<p><strong>Article 10 R\u00e9union du Conseil d\u2019Administration<\/strong><\/p>\n\n\n\n<p>Le Conseil d\u2019Administration se r\u00e9unit au moins une fois tous les 6 mois, sur convocation du pr\u00e9sident ou sur la demande du tiers de ses membres.<\/p>\n\n\n\n<p>Les d\u00e9cisions sont prises \u00e0 la majorit\u00e9 des voix. En cas de litige, la voix du Pr\u00e9sident est pr\u00e9pond\u00e9rante.<\/p>\n\n\n\n<p><strong>Article 11 Assembl\u00e9e g\u00e9n\u00e9rale ordinaire<\/strong><\/p>\n\n\n\n<p>L\u2019Assembl\u00e9e g\u00e9n\u00e9rale ordinaire comprend tous les membres de l\u2019association. Elle se r\u00e9unit chaque ann\u00e9e, sur convocation adress\u00e9e par voie \u00e9lectronique ou papier deux semaines avant la date pr\u00e9vue et comportant les points \u00e0 l\u2019ordre du jour. Le quorum pour les AG est d\u2019un tiers des membres \u00e0 jour de leur cotisation, pr\u00e9sents ou repr\u00e9sent\u00e9s par un pouvoir authentifi\u00e9 (manuscrit ou message \u00e9lectronique).<\/p>\n\n\n\n<p>Le Pr\u00e9sident pr\u00e9side l\u2019Assembl\u00e9e, et le tr\u00e9sorier rend compte de sa gestion.<\/p>\n\n\n\n<p>Les d\u00e9cisions sont prises \u00e0 la majorit\u00e9 des voix pr\u00e9sentes ou repr\u00e9sent\u00e9es.<\/p>\n\n\n\n<p><strong>Article 12 Assembl\u00e9e g\u00e9n\u00e9rale extraordinaire<\/strong><\/p>\n\n\n\n<p>Si besoin est, ou sur la demande de la moiti\u00e9 des membres inscrits plus un, le pr\u00e9sident peut convoquer une AG extraordinaire. Les modalit\u00e9s de convocation sont les m\u00eames que pour l\u2019assembl\u00e9e g\u00e9n\u00e9rale ordinaire.<\/p>\n\n\n\n<p>Les d\u00e9lib\u00e9rations sont prises aux deux tiers des membres pr\u00e9sents ou repr\u00e9sent\u00e9s.<\/p>\n\n\n\n<p><strong>Article 13 Dissolution<\/strong><\/p>\n\n\n\n<p>En cas de dissolution prononc\u00e9e par l\u2019Assembl\u00e9e g\u00e9n\u00e9rale extraordinaire, un ou plusieurs liquidateurs sont nomm\u00e9s par celle-ci et l\u2019actif, s\u2019il y a lieu, est d\u00e9volu conform\u00e9ment aux d\u00e9cisions de l\u2019Assembl\u00e9e g\u00e9n\u00e9rale extraordinaire qui statue sur la dissolution. L\u2019actif net ne peut \u00eatre d\u00e9volu \u00e0 un membre de l\u2019association, m\u00eame partiellement, sauf reprise d\u2019un apport.<\/p>\n\n\n\n<p><\/p>\n","protected":false},"excerpt":{"rendered":"<p>Association \u00ab&nbsp;Les amis d\u2019Ismail Kadar\u00e9&nbsp;\u00bb Article 1 Constitution et D\u00e9nomination Il est fond\u00e9 entre les personnes soussign\u00e9es et toute personne adh\u00e9rant aux pr\u00e9sents statuts une association ayant pour d\u00e9nomination \u00ab&nbsp;Les amis d\u2019Ismail Kadar\u00e9&nbsp;\u00bb, r\u00e9gie par la loi du 1er juillet 1901 telle que modifi\u00e9e par divers textes ult\u00e9rieurs, et le d\u00e9cret du 16 ao\u00fbt 1901.&hellip;<\/p>\n","protected":false},"author":1,"featured_media":0,"parent":0,"menu_order":0,"comment_status":"closed","ping_status":"closed","template":"","meta":{"footnotes":""},"class_list":["post-77","page","type-page","status-publish","hentry"],"_links":{"self":[{"href":"https:\/\/lesamisdismailkadare.com\/index.php?rest_route=\/wp\/v2\/pages\/77","targetHints":{"allow":["GET"]}}],"collection":[{"href":"https:\/\/lesamisdismailkadare.com\/index.php?rest_route=\/wp\/v2\/pages"}],"about":[{"href":"https:\/\/lesamisdismailkadare.com\/index.php?rest_route=\/wp\/v2\/types\/page"}],"author":[{"embeddable":true,"href":"https:\/\/lesamisdismailkadare.com\/index.php?rest_route=\/wp\/v2\/users\/1"}],"replies":[{"embeddable":true,"href":"https:\/\/lesamisdismailkadare.com\/index.php?rest_route=%2Fwp%2Fv2%2Fcomments&post=77"}],"version-history":[{"count":11,"href":"https:\/\/lesamisdismailkadare.com\/index.php?rest_route=\/wp\/v2\/pages\/77\/revisions"}],"predecessor-version":[{"id":412,"href":"https:\/\/lesamisdismailkadare.com\/index.php?rest_route=\/wp\/v2\/pages\/77\/revisions\/412"}],"wp:attachment":[{"href":"https:\/\/lesamisdismailkadare.com\/index.php?rest_route=%2Fwp%2Fv2%2Fmedia&parent=77"}],"curies":[{"name":"wp","href":"https:\/\/api.w.org\/{rel}","templated":true}]}}